{"id":304,"date":"2026-04-09T16:12:18","date_gmt":"2026-04-09T19:12:18","guid":{"rendered":"https:\/\/staging0.agenciarrs.com\/?page_id=304"},"modified":"2026-04-09T16:15:33","modified_gmt":"2026-04-09T19:15:33","slug":"politica-de-privacidade","status":"publish","type":"page","link":"https:\/\/staging0.agenciarrs.com\/?page_id=304","title":{"rendered":"Polit\u00edca de Privacidade"},"content":{"rendered":"\t\t<div data-elementor-type=\"wp-page\" data-elementor-id=\"304\" class=\"elementor elementor-304\" data-elementor-post-type=\"page\">\n\t\t\t\t<div class=\"elementor-element elementor-element-356f3921 e-flex e-con-boxed e-con e-parent\" data-id=\"356f3921\" data-element_type=\"container\" data-e-type=\"container\" data-settings=\"{&quot;background_background&quot;:&quot;classic&quot;}\">\n\t\t\t\t\t<div class=\"e-con-inner\">\n\t\t<div class=\"elementor-element elementor-element-4fd0df5f e-flex e-con-boxed e-con e-child\" data-id=\"4fd0df5f\" data-element_type=\"container\" data-e-type=\"container\">\n\t\t\t\t\t<div class=\"e-con-inner\">\n\t\t\t\t<div class=\"elementor-element elementor-element-675865d4 elementor-widget elementor-widget-heading\" data-id=\"675865d4\" data-element_type=\"widget\" data-e-type=\"widget\" data-widget_type=\"heading.default\">\n\t\t\t\t\t<h1 class=\"elementor-heading-title elementor-size-default\">Polit\u00edca de Privacidade<\/h1>\t\t\t\t<\/div>\n\t\t\t\t\t<\/div>\n\t\t\t\t<\/div>\n\t\t\t\t\t<\/div>\n\t\t\t\t<\/div>\n\t\t<div class=\"elementor-element elementor-element-987d7cb e-flex e-con-boxed e-con e-parent\" data-id=\"987d7cb\" data-element_type=\"container\" data-e-type=\"container\">\n\t\t\t\t\t<div class=\"e-con-inner\">\n\t\t<div class=\"elementor-element elementor-element-1cfc66ef e-flex e-con-boxed e-con e-child\" data-id=\"1cfc66ef\" data-element_type=\"container\" data-e-type=\"container\">\n\t\t\t\t\t<div class=\"e-con-inner\">\n\t\t\t\t<div class=\"elementor-element elementor-element-3ee7bf0 elementor-widget elementor-widget-text-editor\" data-id=\"3ee7bf0\" data-element_type=\"widget\" data-e-type=\"widget\" data-widget_type=\"text-editor.default\">\n\t\t\t\t\t\t\t\t\t<h2 data-section-id=\"mj8rb\" data-start=\"0\" data-end=\"26\">Pol\u00edtica de Privacidade<\/h2><p data-start=\"28\" data-end=\"234\">A sua privacidade \u00e9 importante para n\u00f3s. Esta Pol\u00edtica de Privacidade descreve como coletamos, usamos, armazenamos e protegemos as informa\u00e7\u00f5es dos usu\u00e1rios que acessam nosso site e utilizam nossos servi\u00e7os.<\/p><h3 data-section-id=\"k5x93w\" data-start=\"236\" data-end=\"266\">\u00a0<\/h3><h3 data-section-id=\"k5x93w\" data-start=\"236\" data-end=\"266\">1. Coleta de Informa\u00e7\u00f5es<\/h3><p data-start=\"267\" data-end=\"627\">Coletamos informa\u00e7\u00f5es pessoais fornecidas diretamente por voc\u00ea, como nome, e-mail, telefone e outros dados inseridos em formul\u00e1rios de contato ou solicita\u00e7\u00e3o de servi\u00e7os. Tamb\u00e9m podemos coletar informa\u00e7\u00f5es automaticamente, como endere\u00e7o IP, tipo de navegador, dispositivo utilizado e p\u00e1ginas acessadas, com o objetivo de melhorar sua experi\u00eancia em nosso site.<\/p><h3 data-section-id=\"vwllqp\" data-start=\"629\" data-end=\"657\">\u00a0<\/h3><h3 data-section-id=\"vwllqp\" data-start=\"629\" data-end=\"657\">2. Uso das Informa\u00e7\u00f5es<\/h3><p data-start=\"658\" data-end=\"705\">As informa\u00e7\u00f5es coletadas s\u00e3o utilizadas para:<\/p><ul data-start=\"706\" data-end=\"921\"><li data-section-id=\"qbf514\" data-start=\"706\" data-end=\"737\">Entrar em contato com voc\u00ea;<\/li><li data-section-id=\"6fyiod\" data-start=\"738\" data-end=\"778\">Fornecer e melhorar nossos servi\u00e7os;<\/li><li data-section-id=\"sb1a56\" data-start=\"779\" data-end=\"820\">Personalizar sua experi\u00eancia no site;<\/li><li data-section-id=\"7f6604\" data-start=\"821\" data-end=\"877\">Enviar comunica\u00e7\u00f5es, conte\u00fados e ofertas relevantes;<\/li><li data-section-id=\"1q776cm\" data-start=\"878\" data-end=\"921\">Cumprir obriga\u00e7\u00f5es legais e regulat\u00f3rias.<\/li><\/ul><h3 data-section-id=\"1iyesyo\" data-start=\"923\" data-end=\"957\">\u00a0<\/h3><h3 data-section-id=\"1iyesyo\" data-start=\"923\" data-end=\"957\">3. Compartilhamento de Dados<\/h3><p data-start=\"958\" data-end=\"1225\">N\u00e3o vendemos ou compartilhamos suas informa\u00e7\u00f5es pessoais com terceiros, exceto quando necess\u00e1rio para a execu\u00e7\u00e3o dos nossos servi\u00e7os, cumprimento de obriga\u00e7\u00f5es legais ou com parceiros que auxiliam na opera\u00e7\u00e3o do site, sempre respeitando a confidencialidade dos dados.<\/p><h3 data-section-id=\"mtcbh0\" data-start=\"1227\" data-end=\"1261\">\u00a0<\/h3><h3 data-section-id=\"mtcbh0\" data-start=\"1227\" data-end=\"1261\">4. Armazenamento e Seguran\u00e7a<\/h3><p data-start=\"1262\" data-end=\"1475\">Adotamos medidas t\u00e9cnicas e organizacionais para proteger seus dados contra acessos n\u00e3o autorizados, vazamentos ou qualquer forma de uso indevido. As informa\u00e7\u00f5es s\u00e3o armazenadas em ambientes seguros e controlados.<\/p><h3 data-section-id=\"1jb11he\" data-start=\"1477\" data-end=\"1500\">\u00a0<\/h3><h3 data-section-id=\"1jb11he\" data-start=\"1477\" data-end=\"1500\">5. Uso de Cookies<\/h3><p data-start=\"1501\" data-end=\"1694\">Utilizamos cookies para melhorar a navega\u00e7\u00e3o, analisar o uso do site e oferecer conte\u00fados personalizados. Voc\u00ea pode, a qualquer momento, desativar os cookies nas configura\u00e7\u00f5es do seu navegador.<\/p><h3 data-section-id=\"qn9pjc\" data-start=\"1696\" data-end=\"1724\">\u00a0<\/h3><h3 data-section-id=\"qn9pjc\" data-start=\"1696\" data-end=\"1724\">6. Direitos do Usu\u00e1rio<\/h3><p data-start=\"1725\" data-end=\"1951\">Voc\u00ea tem o direito de acessar, corrigir ou solicitar a exclus\u00e3o dos seus dados pessoais, bem como revogar o consentimento para o uso das informa\u00e7\u00f5es. Para isso, basta entrar em contato conosco pelos canais dispon\u00edveis no site.<\/p><h3 data-section-id=\"zggyhk\" data-start=\"1953\" data-end=\"1987\">\u00a0<\/h3><h3 data-section-id=\"zggyhk\" data-start=\"1953\" data-end=\"1987\">7. Altera\u00e7\u00f5es nesta Pol\u00edtica<\/h3><p data-start=\"1988\" data-end=\"2150\">Esta Pol\u00edtica de Privacidade pode ser atualizada periodicamente para refletir melhorias ou mudan\u00e7as legais. Recomendamos que voc\u00ea revise esta p\u00e1gina regularmente.<\/p><h3 data-section-id=\"1o2ln30\" data-start=\"2152\" data-end=\"2168\">\u00a0<\/h3><h3 data-section-id=\"1o2ln30\" data-start=\"2152\" data-end=\"2168\">8. Contato<\/h3><p data-start=\"2169\" data-end=\"2330\">Em caso de d\u00favidas sobre esta Pol\u00edtica de Privacidade ou sobre o tratamento dos seus dados, entre em contato conosco atrav\u00e9s dos canais informados em nosso site.<\/p>\t\t\t\t\t\t\t\t<\/div>\n\t\t\t\t\t<\/div>\n\t\t\t\t<\/div>\n\t\t\t\t\t<\/div>\n\t\t\t\t<\/div>\n\t\t\t\t<\/div>\n\t\t","protected":false},"excerpt":{"rendered":"<p>Pol\u00edtica de Privacidade A sua privacidade \u00e9 importante para n\u00f3s. Esta Pol\u00edtica de Privacidade descreve como coletamos, usamos, armazenamos e protegemos as informa\u00e7\u00f5es dos usu\u00e1rios que acessam nosso site e utilizam nossos servi\u00e7os. \u00a0 1. Coleta de Informa\u00e7\u00f5es Coletamos informa\u00e7\u00f5es pessoais fornecidas diretamente por voc\u00ea, como nome, e-mail, telefone e outros dados inseridos em formul\u00e1rios [&hellip;]<\/p>\n","protected":false},"author":1,"featured_media":0,"parent":0,"menu_order":0,"comment_status":"closed","ping_status":"closed","template":"","meta":{"footnotes":""},"class_list":["post-304","page","type-page","status-publish","hentry"],"_links":{"self":[{"href":"https:\/\/staging0.agenciarrs.com\/index.php?rest_route=\/wp\/v2\/pages\/304","targetHints":{"allow":["GET"]}}],"collection":[{"href":"https:\/\/staging0.agenciarrs.com\/index.php?rest_route=\/wp\/v2\/pages"}],"about":[{"href":"https:\/\/staging0.agenciarrs.com\/index.php?rest_route=\/wp\/v2\/types\/page"}],"author":[{"embeddable":true,"href":"https:\/\/staging0.agenciarrs.com\/index.php?rest_route=\/wp\/v2\/users\/1"}],"replies":[{"embeddable":true,"href":"https:\/\/staging0.agenciarrs.com\/index.php?rest_route=%2Fwp%2Fv2%2Fcomments&post=304"}],"version-history":[{"count":3,"href":"https:\/\/staging0.agenciarrs.com\/index.php?rest_route=\/wp\/v2\/pages\/304\/revisions"}],"predecessor-version":[{"id":309,"href":"https:\/\/staging0.agenciarrs.com\/index.php?rest_route=\/wp\/v2\/pages\/304\/revisions\/309"}],"wp:attachment":[{"href":"https:\/\/staging0.agenciarrs.com\/index.php?rest_route=%2Fwp%2Fv2%2Fmedia&parent=304"}],"curies":[{"name":"wp","href":"https:\/\/api.w.org\/{rel}","templated":true}]}}